{"id":1210,"date":"2013-03-22T11:29:05","date_gmt":"2013-03-22T10:29:05","guid":{"rendered":"http:\/\/www.archiviostoricodiocesibg.it\/blog\/?page_id=1210"},"modified":"2024-03-28T17:59:29","modified_gmt":"2024-03-28T16:59:29","slug":"pubblicazioni-andrea-zonca-2","status":"publish","type":"page","link":"https:\/\/www.archiviostoricodiocesibg.it\/en\/studi\/pubblicazioni\/pubblicazioni-andrea-zonca-2\/","title":{"rendered":"Pubblicazioni &#8211; Andrea Zonca"},"content":{"rendered":"<img loading=\"lazy\" decoding=\"async\" class=\"aligncenter size-full wp-image-1190\" alt=\"Zonca_0001\" src=\"http:\/\/www.archiviostoricodiocesibg.it\/blog\/wp-content\/uploads\/2013\/03\/Zonca_0001.jpg\" width=\"200\" height=\"300\" \/><\/p>\n<h3><strong>Le pergamene di Santa Grata inter vites, in &#8220;Quaderni di Archivio Bergamasco&#8221;, n. 4 -2010, pp. 13-38.<\/strong><\/h3>\n<p><strong>Profilo dell&#8217;opera<\/strong><\/p>\n<blockquote>\n<p style=\"text-align: justify\">Nell&#8217;ambito dei lavori di riordino dell&#8217;Archivio Storico Diocesano di Bergamo \u00e8 ritornato alla luce un piccolo fondo di pergamene (un centinaio di pezzi) trasferito in Curia prima del 1940: un fondo limitato ma che risulta di un certo interesse poich\u00e9, pur provenendo da un archivio parrocchiale, conserva documenti a partire dalla fine del XII secolo, ed altri pezzi anche pi\u00f9 antichi riconducibili allo stesso fondo sono stati individuati nella Collezione di Pergamene della Bibilioteca Civica &#8220;Angelo Mai&#8221;. Dell&#8217;insieme del fondo cos\u00ec ricostruito viene dato un prospetto\u00a0 (Appendice A) con segnature attuali e verifica dei dati di riferimento. In coda (Appendice B) si offrono i regesti solo degli atti pi\u00f9 antichi cos\u00ec identificati, ma sufficienti a documentare l&#8217;antica unit\u00e0 dei due corpi di documentazione oggi conservati in sede diverse.<\/p>\n<\/blockquote>\n<div class='hr '><\/div>\n<p><a href=\"http:\/\/www.archiviostoricodiocesibg.it\/blog\/wp-content\/uploads\/2013\/03\/pergamene_s.grata_.pdf\">Le pergamene di Santa Grata inter vites, pp. 13-38.<\/a>","protected":false},"excerpt":{"rendered":"<p>Le pergamene di Santa Grata inter vites, in &#8220;Quaderni di Archivio Bergamasco&#8221;, n. 4 -2010, pp. 13-38. Profilo dell&#8217;opera Nell&#8217;ambito dei lavori di riordino dell&#8217;Archivio Storico Diocesano di Bergamo \u00e8 ritornato alla luce un piccolo fondo di pergamene (un centinaio di pezzi) trasferito in Curia prima del 1940: un fondo limitato ma che risulta di [&hellip;]<\/p>\n","protected":false},"author":2,"featured_media":0,"parent":235,"menu_order":21,"comment_status":"closed","ping_status":"closed","template":"","meta":{"footnotes":""},"class_list":["post-1210","page","type-page","status-publish","hentry"],"_links":{"self":[{"href":"https:\/\/www.archiviostoricodiocesibg.it\/en\/wp-json\/wp\/v2\/pages\/1210","targetHints":{"allow":["GET"]}}],"collection":[{"href":"https:\/\/www.archiviostoricodiocesibg.it\/en\/wp-json\/wp\/v2\/pages"}],"about":[{"href":"https:\/\/www.archiviostoricodiocesibg.it\/en\/wp-json\/wp\/v2\/types\/page"}],"author":[{"embeddable":true,"href":"https:\/\/www.archiviostoricodiocesibg.it\/en\/wp-json\/wp\/v2\/users\/2"}],"replies":[{"embeddable":true,"href":"https:\/\/www.archiviostoricodiocesibg.it\/en\/wp-json\/wp\/v2\/comments?post=1210"}],"version-history":[{"count":1,"href":"https:\/\/www.archiviostoricodiocesibg.it\/en\/wp-json\/wp\/v2\/pages\/1210\/revisions"}],"predecessor-version":[{"id":6838,"href":"https:\/\/www.archiviostoricodiocesibg.it\/en\/wp-json\/wp\/v2\/pages\/1210\/revisions\/6838"}],"up":[{"embeddable":true,"href":"https:\/\/www.archiviostoricodiocesibg.it\/en\/wp-json\/wp\/v2\/pages\/235"}],"wp:attachment":[{"href":"https:\/\/www.archiviostoricodiocesibg.it\/en\/wp-json\/wp\/v2\/media?parent=1210"}],"curies":[{"name":"wp","href":"https:\/\/api.w.org\/{rel}","templated":true}]}}