{"id":1215,"date":"2013-03-22T11:31:10","date_gmt":"2013-03-22T10:31:10","guid":{"rendered":"http:\/\/www.archiviostoricodiocesibg.it\/blog\/?page_id=1215"},"modified":"2024-03-28T17:59:29","modified_gmt":"2024-03-28T16:59:29","slug":"pubblicazioni-mario-pelliccioli-2","status":"publish","type":"page","link":"https:\/\/www.archiviostoricodiocesibg.it\/en\/studi\/pubblicazioni\/pubblicazioni-mario-pelliccioli-2\/","title":{"rendered":"Pubblicazioni &#8211; Mario Pelliccioli"},"content":{"rendered":"<img loading=\"lazy\" decoding=\"async\" class=\"aligncenter size-full wp-image-1188\" alt=\"Pellizoli_Premolo_0001\" src=\"http:\/\/www.archiviostoricodiocesibg.it\/blog\/wp-content\/uploads\/2013\/03\/Pellizoli_Premolo_0001.jpg\" width=\"200\" height=\"300\" \/><\/p>\n<h3>Sant\u2019Andrea apostolo. Parrocchia di Premolo, Parre (Bg) 2011.<\/h3>\n<p><strong>Autore<\/strong><\/p>\n<blockquote>\n<p style=\"text-align: justify\">Nato a Seriate nel 1949, risiede a Bergamo, dove \u00e8 stato docente di Lettere presso il liceo \u201cF. Lussana\u201d. Ha collaborato a lungo con l\u2019Istituto della Resistenza e dell\u2019et\u00e0 contemporanea e collabora con il Gruppo di Mediazione Didattica. E\u2019 autore di numerosi saggi, articoli e volumi di storia del Novecento e di storia locale; tra le opere pi\u00f9 recenti:\u00a0<em>Seriate, 27-28 aprile 1945<\/em>\u00a0(2007);\u00a0<em>Molino Vecchio. Studi, memorie e immagini di un angolo di Seriate<\/em>(2008, con Guglielmo Clivati e Carlo Elitropi);\u00a0<em>Guglielmo Carozzi. Sacerdote<\/em>(2009, con Chiara Bellani e Rosanna Sandrinelli).\u00a0 Per il Comune di Premolo ha curato i tre \u201cQuaderni di inoltre\u201d:\u00a0<em>Segabol\u00e8r<\/em>\u00a0(2003),\u00a0<em>Emigranti\u00a0<\/em>(2003),<em>Minatori<\/em>\u00a0(2004).<\/p>\n<\/blockquote>\n<p><strong>Profilo dell&#8217;opera<\/strong><\/p>\n<blockquote>\n<p style=\"text-align: justify\">Il volume si occupa della storia della parrocchia di Premolo: una piccola comunit\u00e0 montana dell\u2019alta Val Seriana. Si compone di tre parti, la prima \u00e8 la ricostruzione delle vicende della comunit\u00e0 attraverso lo studio delle Visite Pastorali, la seconda \u00e8 una rassegna delle persone che hanno animato questo territorio (tra cui don Antonio e Madre Gesuina Seghezzi), mentre la terza riguarda alcune opere murarie che sono la testimonianza materiale del vissuto di questa comunit\u00e0 locale. Lo studio \u00e8 stato condotto, come si evince dall\u2019accurata appendice bibliografica, attraverso le fonti archivistiche locali (archivio comunale e parrocchiale), ma anche grazie al confronto con i materiali conservati nell\u2019Archivio Storico Diocesano e nella civica Biblioteca \u201cA. Mai\u201d di Bergamo. Arrichisce l\u2019opera una galleria di circa 60 immagini in bianco e nero e a colori.<\/p>\n<\/blockquote>\n<p style=\"text-align: justify\"><div class='hr '><\/div>","protected":false},"excerpt":{"rendered":"<p>Sant\u2019Andrea apostolo. Parrocchia di Premolo, Parre (Bg) 2011. Autore Nato a Seriate nel 1949, risiede a Bergamo, dove \u00e8 stato docente di Lettere presso il liceo \u201cF. Lussana\u201d. Ha collaborato a lungo con l\u2019Istituto della Resistenza e dell\u2019et\u00e0 contemporanea e collabora con il Gruppo di Mediazione Didattica. E\u2019 autore di numerosi saggi, articoli e volumi [&hellip;]<\/p>\n","protected":false},"author":2,"featured_media":0,"parent":235,"menu_order":13,"comment_status":"closed","ping_status":"closed","template":"","meta":{"footnotes":""},"class_list":["post-1215","page","type-page","status-publish","hentry"],"_links":{"self":[{"href":"https:\/\/www.archiviostoricodiocesibg.it\/en\/wp-json\/wp\/v2\/pages\/1215","targetHints":{"allow":["GET"]}}],"collection":[{"href":"https:\/\/www.archiviostoricodiocesibg.it\/en\/wp-json\/wp\/v2\/pages"}],"about":[{"href":"https:\/\/www.archiviostoricodiocesibg.it\/en\/wp-json\/wp\/v2\/types\/page"}],"author":[{"embeddable":true,"href":"https:\/\/www.archiviostoricodiocesibg.it\/en\/wp-json\/wp\/v2\/users\/2"}],"replies":[{"embeddable":true,"href":"https:\/\/www.archiviostoricodiocesibg.it\/en\/wp-json\/wp\/v2\/comments?post=1215"}],"version-history":[{"count":1,"href":"https:\/\/www.archiviostoricodiocesibg.it\/en\/wp-json\/wp\/v2\/pages\/1215\/revisions"}],"predecessor-version":[{"id":6839,"href":"https:\/\/www.archiviostoricodiocesibg.it\/en\/wp-json\/wp\/v2\/pages\/1215\/revisions\/6839"}],"up":[{"embeddable":true,"href":"https:\/\/www.archiviostoricodiocesibg.it\/en\/wp-json\/wp\/v2\/pages\/235"}],"wp:attachment":[{"href":"https:\/\/www.archiviostoricodiocesibg.it\/en\/wp-json\/wp\/v2\/media?parent=1215"}],"curies":[{"name":"wp","href":"https:\/\/api.w.org\/{rel}","templated":true}]}}