{"id":1225,"date":"2013-03-22T11:51:45","date_gmt":"2013-03-22T10:51:45","guid":{"rendered":"http:\/\/www.archiviostoricodiocesibg.it\/blog\/?page_id=1225"},"modified":"2024-03-28T17:59:29","modified_gmt":"2024-03-28T16:59:29","slug":"pubblicazioni-alma-poloni-2","status":"publish","type":"page","link":"https:\/\/www.archiviostoricodiocesibg.it\/en\/studi\/pubblicazioni\/pubblicazioni-alma-poloni-2\/","title":{"rendered":"Pubblicazioni &#8211; Alma Poloni"},"content":{"rendered":"<h3><img loading=\"lazy\" decoding=\"async\" class=\"aligncenter size-full wp-image-1177\" alt=\"20110705123351566_0001\" src=\"http:\/\/www.archiviostoricodiocesibg.it\/blog\/wp-content\/uploads\/2013\/03\/20110705123351566_0001.jpg\" width=\"200\" height=\"300\" \/><\/h3>\n<h3>Castione della Presolana nel Medioevo. Economia e societ\u00e0 nella Montagna Bergamasca dal XII al XVI secolo, Comune di Castione della Presolana, 2011.<\/h3>\n<p><strong>\u00a0Autore<\/strong><\/p>\n<blockquote>\n<p style=\"text-align: justify\">Alma Poloni \u00e8 assegnista di ricerca presso l\u2019Universit\u00e0 di Roma Tre. Si occupa principalmente della storia economica, sociale e politica delle citt\u00e0 toscane nel basso Medioevo, e per questo ambito di studi ha pubblicato, oltre ad articoli in riviste specialistiche e volumi collettivi, tre libri:\u00a0<em>Trasformazioni della societ\u00e0 e mutamenti delle forme politiche in un Comune italiano: il Popolo di Pisa (1220-1330)<\/em>, Pisa, ETS, 2004;\u00a0<em>Lucca nel Duecento. Uno studio sul cambiamento sociale<\/em>, Pisa, Plus-Pisa University Press, 2009; Potere al popolo. Conflitti sociali e lotte politiche nell\u2019Italia comunale del Duecento, Milano, Bruno Mondadori, 2010. Negli ultimi anni ha rivolto il suo interesse anche alla storia sociale della montagna bergamasca, alla quale ha dedicato due monografie: \u201c<em>Ista familia de Fine audacissima presumptuosa et litigiosa ac rixosa\u201d. La lite tra la comunit\u00e0 di Onore e i da Fino nella Val Seriana superiore degli anni \u201960 del Quattrocento<\/em>, Clusone, Comune di Fino del Monte, 2009;<em>Storie di famiglia. I da Fino tra Bergamo e la montagna dal XII al XVI secolo<\/em>, Songavazzo, Pro Loco di Fino del Monte, 2010.<\/p>\n<\/blockquote>\n<p><strong>Profilo dell&#8217;opera<\/strong><\/p>\n<blockquote>\n<p style=\"text-align: justify\">L\u2019argomento principale di questo libro \u00e8 il cambiamento, sociale, politico, ma soprattutto economico. La domanda al centro dell\u2019indagine riguarda i meccanismi di funzionamento del cambiamento economico di una piccola comunit\u00e0 della montagna bergamasca, un contesto che, secondo il senso comune, dovrebbe essere caratterizzato dall\u2019immobilismo e dalla marginalit\u00e0. Il caso di Castione, come tanti altri, ci costringere a mettere in dubbio alcune convinzioni che tendiamo a volte, per pigrizia, a dare per scontate. Come quella che esista un contrasto insanabile tra il mercato e il guadagno privato da una parte e forme di gestione collettiva e di condivisione comunitaria delle risorse dall\u2019altra. O quella che ogni processo di innovazione economica non possa che venire dalla citt\u00e0. O che una societ\u00e0 \u201ctradizionale\u201d, fondata su una delicata trama di relazioni orizzontali e verticali e su uno stretto rapporto con l\u2019ambiente naturale, non possa gestire e indirizzare il mutamento, economico, sociale e culturale, ma sia destinata a implodere e a disgragarsi di fronte ad esso. Anche il caso di Castione, insomma, invita ad abbandonare contrapposizioni, come apertura\/chiusura, mercato\/autarchia, capitale\/comunit\u00e0, la cui inconsistenza \u00e8 stata ampiamente dimostrata dagli studi pi\u00f9 recenti sui villaggi alpini.<\/p>\n<\/blockquote>\n<p style=\"text-align: justify\"><div class='hr '><\/div>","protected":false},"excerpt":{"rendered":"<p>Castione della Presolana nel Medioevo. Economia e societ\u00e0 nella Montagna Bergamasca dal XII al XVI secolo, Comune di Castione della Presolana, 2011. \u00a0Autore Alma Poloni \u00e8 assegnista di ricerca presso l\u2019Universit\u00e0 di Roma Tre. Si occupa principalmente della storia economica, sociale e politica delle citt\u00e0 toscane nel basso Medioevo, e per questo ambito di studi [&hellip;]<\/p>\n","protected":false},"author":2,"featured_media":0,"parent":235,"menu_order":16,"comment_status":"closed","ping_status":"closed","template":"","meta":{"footnotes":""},"class_list":["post-1225","page","type-page","status-publish","hentry"],"_links":{"self":[{"href":"https:\/\/www.archiviostoricodiocesibg.it\/en\/wp-json\/wp\/v2\/pages\/1225","targetHints":{"allow":["GET"]}}],"collection":[{"href":"https:\/\/www.archiviostoricodiocesibg.it\/en\/wp-json\/wp\/v2\/pages"}],"about":[{"href":"https:\/\/www.archiviostoricodiocesibg.it\/en\/wp-json\/wp\/v2\/types\/page"}],"author":[{"embeddable":true,"href":"https:\/\/www.archiviostoricodiocesibg.it\/en\/wp-json\/wp\/v2\/users\/2"}],"replies":[{"embeddable":true,"href":"https:\/\/www.archiviostoricodiocesibg.it\/en\/wp-json\/wp\/v2\/comments?post=1225"}],"version-history":[{"count":1,"href":"https:\/\/www.archiviostoricodiocesibg.it\/en\/wp-json\/wp\/v2\/pages\/1225\/revisions"}],"predecessor-version":[{"id":6840,"href":"https:\/\/www.archiviostoricodiocesibg.it\/en\/wp-json\/wp\/v2\/pages\/1225\/revisions\/6840"}],"up":[{"embeddable":true,"href":"https:\/\/www.archiviostoricodiocesibg.it\/en\/wp-json\/wp\/v2\/pages\/235"}],"wp:attachment":[{"href":"https:\/\/www.archiviostoricodiocesibg.it\/en\/wp-json\/wp\/v2\/media?parent=1225"}],"curies":[{"name":"wp","href":"https:\/\/api.w.org\/{rel}","templated":true}]}}