{"id":1230,"date":"2013-03-22T11:55:10","date_gmt":"2013-03-22T10:55:10","guid":{"rendered":"http:\/\/www.archiviostoricodiocesibg.it\/blog\/?page_id=1230"},"modified":"2024-03-28T17:59:29","modified_gmt":"2024-03-28T16:59:29","slug":"pubblicazioni-paolo-barcella-2","status":"publish","type":"page","link":"https:\/\/www.archiviostoricodiocesibg.it\/en\/studi\/pubblicazioni\/pubblicazioni-paolo-barcella-2\/","title":{"rendered":"Pubblicazioni &#8211; Paolo Barcella"},"content":{"rendered":"<h3><img loading=\"lazy\" decoding=\"async\" class=\"aligncenter size-full wp-image-1180\" alt=\"Front. Barcella\" src=\"http:\/\/www.archiviostoricodiocesibg.it\/blog\/wp-content\/uploads\/2013\/03\/Front.-Barcella.jpg\" width=\"200\" height=\"300\" \/><\/h3>\n<h3>Donne, Chiesa e lavoro in una comunit\u00e0 bergamasca. A proposito del filatoio di San Paolo d\u2019Argon, Bolis, Bergamo, 2011.<\/h3>\n<p><strong>\u00a0Autore<\/strong><\/p>\n<blockquote>\n<p style=\"text-align: justify\">Paolo Barcella (1979) si \u00e8 dottorato in Storia contemporanea con un progetto di ricerca in cotutela tra l\u2019Universit\u00e0 di Genova e l\u2019Universit\u00e0 di Losanna. Attualmente \u00e8 assegnista di ricerca presso l\u2019Universit\u00e0 di Bergamo, collaboratore della Fondazione Pellegrini-Canevascini di Bellinzona e membro della segreteria di redazione di \u201c\u00c1coma. Rivista internazionale di studi nordamericani\u201d. Si occupa di emigrazione italiana, con particolare riferimento agli ambienti svizzeri e nordamericani, di lavoro in ambienti alpini e di storia locale bergamasca. Ha pubblicato\u00a0<em>Emigrati italiani e missioni cattoliche in Svizzera<\/em>, Quaderni Migrantes, Roma, 2007.<\/p>\n<\/blockquote>\n<p><strong>Profilo dell&#8217;opera<\/strong><\/p>\n<blockquote>\n<p style=\"text-align: justify\">Il volume si occupa di alcuni aspetti della storia sociale di San Paolo d\u2019Argon, una piccola comunit\u00e0 rurale bergamasca, in et\u00e0 contemporanea. L\u2019analisi, condotta a partire dalla storia del locale filatoio, consente di entrare nel merito di due questioni principali: l\u2019azione sociale della Chiesa negli anni del movimento cattolico e il lavoro delle donne in ambienti rurali. Attraverso i documenti dell\u2019Archivio Storico Diocesano e dell\u2019Archivio Parrocchiale di San Paolo d\u2019Argon si \u00e8 potuta ricostruire l\u2019opera che permise a don Deleidi \u2013 grazie anche al contributo del parroco suo predecessore \u2013 di dotare il paese della cassa rurale, della \u201cCooperativa bestiami\u201d, dell\u2019 asilo parrocchiale e del filatoio, insieme espressione dell\u2019assistenzialismo cattolico e degli interessi del patronato locale. Con le fonti orali sono stati invece ricostruiti alcuni aspetti del lavoro delle donne nella prima met\u00e0 del Novecento, mostrando la variet\u00e0 dei loro impieghi in ambienti caratterizzati dalla pluriattivit\u00e0 e dalla progressiva contaminazione tra mondo contadino e mondo industriale.<\/p>\n<\/blockquote>\n<p style=\"text-align: justify\"><div class='hr '><\/div>","protected":false},"excerpt":{"rendered":"<p>Donne, Chiesa e lavoro in una comunit\u00e0 bergamasca. A proposito del filatoio di San Paolo d\u2019Argon, Bolis, Bergamo, 2011. \u00a0Autore Paolo Barcella (1979) si \u00e8 dottorato in Storia contemporanea con un progetto di ricerca in cotutela tra l\u2019Universit\u00e0 di Genova e l\u2019Universit\u00e0 di Losanna. Attualmente \u00e8 assegnista di ricerca presso l\u2019Universit\u00e0 di Bergamo, collaboratore della [&hellip;]<\/p>\n","protected":false},"author":2,"featured_media":0,"parent":235,"menu_order":2,"comment_status":"closed","ping_status":"closed","template":"","meta":{"footnotes":""},"class_list":["post-1230","page","type-page","status-publish","hentry"],"_links":{"self":[{"href":"https:\/\/www.archiviostoricodiocesibg.it\/en\/wp-json\/wp\/v2\/pages\/1230","targetHints":{"allow":["GET"]}}],"collection":[{"href":"https:\/\/www.archiviostoricodiocesibg.it\/en\/wp-json\/wp\/v2\/pages"}],"about":[{"href":"https:\/\/www.archiviostoricodiocesibg.it\/en\/wp-json\/wp\/v2\/types\/page"}],"author":[{"embeddable":true,"href":"https:\/\/www.archiviostoricodiocesibg.it\/en\/wp-json\/wp\/v2\/users\/2"}],"replies":[{"embeddable":true,"href":"https:\/\/www.archiviostoricodiocesibg.it\/en\/wp-json\/wp\/v2\/comments?post=1230"}],"version-history":[{"count":1,"href":"https:\/\/www.archiviostoricodiocesibg.it\/en\/wp-json\/wp\/v2\/pages\/1230\/revisions"}],"predecessor-version":[{"id":6841,"href":"https:\/\/www.archiviostoricodiocesibg.it\/en\/wp-json\/wp\/v2\/pages\/1230\/revisions\/6841"}],"up":[{"embeddable":true,"href":"https:\/\/www.archiviostoricodiocesibg.it\/en\/wp-json\/wp\/v2\/pages\/235"}],"wp:attachment":[{"href":"https:\/\/www.archiviostoricodiocesibg.it\/en\/wp-json\/wp\/v2\/media?parent=1230"}],"curies":[{"name":"wp","href":"https:\/\/api.w.org\/{rel}","templated":true}]}}