{"id":1243,"date":"2013-03-22T12:04:11","date_gmt":"2013-03-22T11:04:11","guid":{"rendered":"http:\/\/www.archiviostoricodiocesibg.it\/blog\/?page_id=1243"},"modified":"2024-03-28T17:59:29","modified_gmt":"2024-03-28T16:59:29","slug":"pubblicazioni-gianmarco-de-angelis-2","status":"publish","type":"page","link":"https:\/\/www.archiviostoricodiocesibg.it\/en\/studi\/pubblicazioni\/pubblicazioni-gianmarco-de-angelis-2\/","title":{"rendered":"Pubblicazioni &#8211; Gianmarco De Angelis"},"content":{"rendered":"<h3><img loading=\"lazy\" decoding=\"async\" class=\"aligncenter size-full wp-image-1185\" alt=\"frontespizio_deangelis\" src=\"http:\/\/www.archiviostoricodiocesibg.it\/blog\/wp-content\/uploads\/2013\/03\/frontespizio_deangelis.jpg\" width=\"200\" height=\"300\" \/><\/h3>\n<h3>Poteri cittadini e intellettuali di potere. Scrittura, documentazione, politica a Bergamo nei secoli IX-XII, Unicopli, 2009.<\/h3>\n<p><strong>Autore<\/strong><\/p>\n<blockquote>\n<p style=\"text-align: justify\">Gianmarco De Angelis (1979) si \u00e8 laureato in Lettere all&#8217;Universit\u00e0 di Pavia e ha conseguito nel 2008 il Dottorato di ricerca in Storia medioevale presso l&#8217;Universit\u00e0 di Torino. Collaboratore della rivista Scrineum e del Codice diplomatico digitale della Lombarida medievale (secoli VIII-XII), \u00e8 titolare di assegno di ricerca presso il Dipartimento storico-geografico dell&#8217;Universit\u00e0 di pavia. I suoi attuali interessi sono prevalentemente indirizzati all&#8217;analisi della prima documentazione della prima et\u00e0 comunale di area lombarda.<\/p>\n<\/blockquote>\n<p><strong>Profilo dell&#8217;opera<\/strong><\/p>\n<blockquote>\n<p style=\"text-align: justify\">Oggetto del libro \u00e8 un percorso, solo uno fra i molti possibili, all&#8217;interno della documentazione prodotta a Bergamo dagli esordi dell&#8217;et\u00e0 carolingia alle prime manifestazioni del governo comunale, in gran parte conservata tra le pergamene dell&#8217;Archivio Capitolare. \u00c8 lo studio dei modelli e delle dinamiche di rappresentazione e autorappresentazione dei vertici politici e intellettuali di una societ\u00e0 urbana, condotto su una massa di testimonianze scritte numericamente consistente e (ci\u00f2 che pi\u00f9 conta per il periodo in questione) senza vuoti cronologici significativi. \u00c8, soprattutto, il tentativo di mostrare la profonda omogeneit\u00e0 di fondo di quei modelli e di quelle dinamiche, definita in ragione di uno stretto, prolungato nesso di natura insieme politica\u00a0 e culturale tra l&#8217;episcopio e l&#8217;insieme di quanti, a diverso titolo, operarono nel campo della produzione e autenticazione documentaria e, pi\u00f9 generalmente, dell&#8217;alfabetizzazione: dai chierici dell&#8217;alto medioevo ai giudici\/consoli del XII secolo passando per la composita e non professionale &#8220;aristocrazia della scrittura&#8221; di et\u00e0 postcarolingia.<\/p>\n<\/blockquote>\n<p style=\"text-align: justify\"><div class='hr '><\/div>","protected":false},"excerpt":{"rendered":"<p>Poteri cittadini e intellettuali di potere. Scrittura, documentazione, politica a Bergamo nei secoli IX-XII, Unicopli, 2009. Autore Gianmarco De Angelis (1979) si \u00e8 laureato in Lettere all&#8217;Universit\u00e0 di Pavia e ha conseguito nel 2008 il Dottorato di ricerca in Storia medioevale presso l&#8217;Universit\u00e0 di Torino. Collaboratore della rivista Scrineum e del Codice diplomatico digitale della [&hellip;]<\/p>\n","protected":false},"author":2,"featured_media":0,"parent":235,"menu_order":9,"comment_status":"closed","ping_status":"closed","template":"","meta":{"footnotes":""},"class_list":["post-1243","page","type-page","status-publish","hentry"],"_links":{"self":[{"href":"https:\/\/www.archiviostoricodiocesibg.it\/en\/wp-json\/wp\/v2\/pages\/1243","targetHints":{"allow":["GET"]}}],"collection":[{"href":"https:\/\/www.archiviostoricodiocesibg.it\/en\/wp-json\/wp\/v2\/pages"}],"about":[{"href":"https:\/\/www.archiviostoricodiocesibg.it\/en\/wp-json\/wp\/v2\/types\/page"}],"author":[{"embeddable":true,"href":"https:\/\/www.archiviostoricodiocesibg.it\/en\/wp-json\/wp\/v2\/users\/2"}],"replies":[{"embeddable":true,"href":"https:\/\/www.archiviostoricodiocesibg.it\/en\/wp-json\/wp\/v2\/comments?post=1243"}],"version-history":[{"count":1,"href":"https:\/\/www.archiviostoricodiocesibg.it\/en\/wp-json\/wp\/v2\/pages\/1243\/revisions"}],"predecessor-version":[{"id":6845,"href":"https:\/\/www.archiviostoricodiocesibg.it\/en\/wp-json\/wp\/v2\/pages\/1243\/revisions\/6845"}],"up":[{"embeddable":true,"href":"https:\/\/www.archiviostoricodiocesibg.it\/en\/wp-json\/wp\/v2\/pages\/235"}],"wp:attachment":[{"href":"https:\/\/www.archiviostoricodiocesibg.it\/en\/wp-json\/wp\/v2\/media?parent=1243"}],"curies":[{"name":"wp","href":"https:\/\/api.w.org\/{rel}","templated":true}]}}