{"id":1247,"date":"2013-03-22T12:07:41","date_gmt":"2013-03-22T11:07:41","guid":{"rendered":"http:\/\/www.archiviostoricodiocesibg.it\/blog\/?page_id=1247"},"modified":"2024-03-28T17:59:29","modified_gmt":"2024-03-28T16:59:29","slug":"pubblicazioni-arrigoni-bottani-manzoni-2","status":"publish","type":"page","link":"https:\/\/www.archiviostoricodiocesibg.it\/en\/studi\/pubblicazioni\/pubblicazioni-arrigoni-bottani-manzoni-2\/","title":{"rendered":"Pubblicazioni &#8211; Arrigoni &#8211; Bottani &#8211; Manzoni"},"content":{"rendered":"<h3><img loading=\"lazy\" decoding=\"async\" class=\"aligncenter size-full wp-image-1182\" alt=\"frontespizio berbenno\" src=\"http:\/\/www.archiviostoricodiocesibg.it\/blog\/wp-content\/uploads\/2013\/03\/frontespizio-berbenno.jpg\" width=\"200\" height=\"300\" \/><\/h3>\n<h3>Berbenno nella storia, Corponove (Bg), 2009.<\/h3>\n<p><strong>Autori<\/strong><\/p>\n<blockquote>\n<p style=\"text-align: justify\">Ermanno Arrigoni, Tarcisio Bottani, Paolo Manzoni.<br \/>\nIl primo si \u00e8 laureato in Lettere all&#8217;Universit\u00e0 di Pavia e ha conseguito il Dottorato di ricerca in Teologia a Milano. Gi\u00e0 docente di storia e filosofia al liceo scientifico Turoldo di Zogno, ha approfondito i suoi interessi in campo storico e filosofico in vari progetti editoriali, di cui l&#8217;ultimo &#8220;Almenno San Bartolomeo: la vita religiosa dal XVIII al XX secolo&#8221; (2009). Il secondo laureato in Lettere, docente di italiano e storia ha pubblicato varie storie di comuni di cui l&#8217;ultima con Giorgio Magliavacca &#8220;Simone Tasso e le poste di Milano nel Rinascimento&#8221; (2008); infine il terzo \u00e8 laureato in Pedagogia presso l&#8217;Universit\u00e0 Cattolica di Milano, docente di Lettere, da tempo si dedica allo studio della storia di Almenno, in particolare sugli edifici romanici dell&#8217;antica Lemine. Autore di numerosi studi, di imminente pubblicazione: &#8220;Almenno San Bartolomeo nei secoli XV-XVII&#8221;.<\/p>\n<\/blockquote>\n<p><strong>Profilo dell&#8217;opera<\/strong><\/p>\n<blockquote>\n<p style=\"text-align: justify\">Questa storia di Berbenno, realizzata a pi\u00f9 mani, ha inteso fornire al lettore un panorama il pi\u00f9 possibile dettagliato delle vicende storiche, inquadrate nel contesto generale della &#8220;grande storia&#8221;, ma nello stesso tempo ha riservato uno spazio non marginale all&#8217;analisi della realt\u00e0 attuale, alla valorizzazione del patrimonio e alla riscoperta di aspetti tradizionali e popolari che hanno caratterizzato la vita del paese nelrecente passato. La tradizione ha quindi integrato la cospicua documentazione d&#8217;archivio con la ricerca sul territorio, realizzata attraverso l&#8217;osservazione dei luoghi di particolare interesse e l&#8217;acquisizione di informazioni orali fornite da un buon numero di autorevoli testimoni. Ne \u00e8 risultato un volume assai corposo, in cui lo sviluppo della narrazione \u00e8 frequentemente integrato da schede monotematiche dedicate all&#8217;approfondimento di alcuni aspetti rilevanti della realt\u00e0 berbennese, ai personaggi illustri, all&#8217;evoluzione urbanistica del paese, all&#8217;emigrazione, alle tradizioni.<\/p>\n<\/blockquote>\n<div class='hr '><\/div>","protected":false},"excerpt":{"rendered":"<p>Berbenno nella storia, Corponove (Bg), 2009. Autori Ermanno Arrigoni, Tarcisio Bottani, Paolo Manzoni. Il primo si \u00e8 laureato in Lettere all&#8217;Universit\u00e0 di Pavia e ha conseguito il Dottorato di ricerca in Teologia a Milano. Gi\u00e0 docente di storia e filosofia al liceo scientifico Turoldo di Zogno, ha approfondito i suoi interessi in campo storico e [&hellip;]<\/p>\n","protected":false},"author":2,"featured_media":0,"parent":235,"menu_order":1,"comment_status":"closed","ping_status":"closed","template":"","meta":{"footnotes":""},"class_list":["post-1247","page","type-page","status-publish","hentry"],"_links":{"self":[{"href":"https:\/\/www.archiviostoricodiocesibg.it\/en\/wp-json\/wp\/v2\/pages\/1247","targetHints":{"allow":["GET"]}}],"collection":[{"href":"https:\/\/www.archiviostoricodiocesibg.it\/en\/wp-json\/wp\/v2\/pages"}],"about":[{"href":"https:\/\/www.archiviostoricodiocesibg.it\/en\/wp-json\/wp\/v2\/types\/page"}],"author":[{"embeddable":true,"href":"https:\/\/www.archiviostoricodiocesibg.it\/en\/wp-json\/wp\/v2\/users\/2"}],"replies":[{"embeddable":true,"href":"https:\/\/www.archiviostoricodiocesibg.it\/en\/wp-json\/wp\/v2\/comments?post=1247"}],"version-history":[{"count":1,"href":"https:\/\/www.archiviostoricodiocesibg.it\/en\/wp-json\/wp\/v2\/pages\/1247\/revisions"}],"predecessor-version":[{"id":6846,"href":"https:\/\/www.archiviostoricodiocesibg.it\/en\/wp-json\/wp\/v2\/pages\/1247\/revisions\/6846"}],"up":[{"embeddable":true,"href":"https:\/\/www.archiviostoricodiocesibg.it\/en\/wp-json\/wp\/v2\/pages\/235"}],"wp:attachment":[{"href":"https:\/\/www.archiviostoricodiocesibg.it\/en\/wp-json\/wp\/v2\/media?parent=1247"}],"curies":[{"name":"wp","href":"https:\/\/api.w.org\/{rel}","templated":true}]}}