{"id":1252,"date":"2013-03-22T12:09:53","date_gmt":"2013-03-22T11:09:53","guid":{"rendered":"http:\/\/www.archiviostoricodiocesibg.it\/blog\/?page_id=1252"},"modified":"2024-03-28T17:59:29","modified_gmt":"2024-03-28T16:59:29","slug":"pubblicazioni-paolo-cavalieri-2","status":"publish","type":"page","link":"https:\/\/www.archiviostoricodiocesibg.it\/en\/studi\/pubblicazioni\/pubblicazioni-paolo-cavalieri-2\/","title":{"rendered":"Pubblicazioni &#8211; Paolo Cavalieri"},"content":{"rendered":"<h3><a href=\"http:\/\/www.archiviostoricodiocesibg.it\/blog\/wp-content\/uploads\/2013\/03\/g_8840013210g.jpg\"><img loading=\"lazy\" decoding=\"async\" class=\"aligncenter size-full wp-image-1186\" alt=\"g_8840013210g\" src=\"http:\/\/www.archiviostoricodiocesibg.it\/blog\/wp-content\/uploads\/2013\/03\/g_8840013210g.jpg\" width=\"200\" height=\"300\" \/><\/a><\/h3>\n<h3>&#8220;Qui sunto guelfi et partiales nostri&#8221;, comunit\u00e0 patriziato e fazioni a Bergamo fra XV e XVI secolo, Milano, Unicopli, 2008.<\/h3>\n<p><strong>Autore<\/strong><\/p>\n<blockquote>\n<p style=\"text-align: justify\">Paolo Cavalieri (Bergamo 1978), laureatosi in Storia presso l&#8217;Universit\u00e0 di Milano, ha successivamente conseguito il dottorato di ricerca in &#8220;Storia. Storia della societ\u00e0 europea in et\u00e0 moderna&#8221; presso l&#8217;Universit\u00e0 di Torino. Dall&#8217;ottobre 2007, grazie ad una borsa di studio per il perfezionamento all&#8217;estero, conduce una ricerca sui patriziati della Germania meridionale presso la Friedrich-Alexander-Universit\u00e4t di Erlangen-N\u00fcrnberg.<\/p>\n<\/blockquote>\n<p><strong>Profilo dell&#8217;Opera<\/strong><\/p>\n<blockquote>\n<p style=\"text-align: justify\">Ad inizio Quattrocento il ceto dirigente bergamasco si presentava ancora come un&#8217;entit\u00e0 lacerata, con i principali consortati filo-milanesi polarizzati attorno alla potente famiglia Suardi e quelli fedeli a Venezia raccolti intorno al nucleo originario composto dai casati guelfi dei Colleoni, Bonghi e Rivola. L&#8217;appoggio fornito da queste ultime alla Dominante nel corso delle sanguinose guerre contro i Visconti assicur\u00f2 favori, ricchezze e il controllo pressoch\u00e9 completo della vita amministrativa cittadina, ma la crisi apertasi in seguito alla disfatta veneziana di Agnadello segn\u00f2 una drammatica inversione di rotta. Dopo un convulso decennio in cui le gerarchie all&#8217;interno della cinta urbana vennero pi\u00f9 volte messe in discussione, il definitivo ritorno della citt\u00e0 sotto Venezia favor\u00ec la formazione di un patriziato animato da comuni ideali aristocratici, che seppe in breve tempo riprendere le redini degli organi istituzionali. Alle famiglie mercantili non rest\u00f2 quindi altra scelta che omologarsi al sentimento dominante, reinvestendo in bone proprietate i proventi derivati dalla mercanzia, per non scomparire dalla scena politica locale.<\/p>\n<\/blockquote>\n<div class='hr '><\/div>","protected":false},"excerpt":{"rendered":"<p>&#8220;Qui sunto guelfi et partiales nostri&#8221;, comunit\u00e0 patriziato e fazioni a Bergamo fra XV e XVI secolo, Milano, Unicopli, 2008. Autore Paolo Cavalieri (Bergamo 1978), laureatosi in Storia presso l&#8217;Universit\u00e0 di Milano, ha successivamente conseguito il dottorato di ricerca in &#8220;Storia. Storia della societ\u00e0 europea in et\u00e0 moderna&#8221; presso l&#8217;Universit\u00e0 di Torino. Dall&#8217;ottobre 2007, grazie [&hellip;]<\/p>\n","protected":false},"author":2,"featured_media":0,"parent":235,"menu_order":7,"comment_status":"closed","ping_status":"closed","template":"","meta":{"footnotes":""},"class_list":["post-1252","page","type-page","status-publish","hentry"],"_links":{"self":[{"href":"https:\/\/www.archiviostoricodiocesibg.it\/en\/wp-json\/wp\/v2\/pages\/1252","targetHints":{"allow":["GET"]}}],"collection":[{"href":"https:\/\/www.archiviostoricodiocesibg.it\/en\/wp-json\/wp\/v2\/pages"}],"about":[{"href":"https:\/\/www.archiviostoricodiocesibg.it\/en\/wp-json\/wp\/v2\/types\/page"}],"author":[{"embeddable":true,"href":"https:\/\/www.archiviostoricodiocesibg.it\/en\/wp-json\/wp\/v2\/users\/2"}],"replies":[{"embeddable":true,"href":"https:\/\/www.archiviostoricodiocesibg.it\/en\/wp-json\/wp\/v2\/comments?post=1252"}],"version-history":[{"count":1,"href":"https:\/\/www.archiviostoricodiocesibg.it\/en\/wp-json\/wp\/v2\/pages\/1252\/revisions"}],"predecessor-version":[{"id":6847,"href":"https:\/\/www.archiviostoricodiocesibg.it\/en\/wp-json\/wp\/v2\/pages\/1252\/revisions\/6847"}],"up":[{"embeddable":true,"href":"https:\/\/www.archiviostoricodiocesibg.it\/en\/wp-json\/wp\/v2\/pages\/235"}],"wp:attachment":[{"href":"https:\/\/www.archiviostoricodiocesibg.it\/en\/wp-json\/wp\/v2\/media?parent=1252"}],"curies":[{"name":"wp","href":"https:\/\/api.w.org\/{rel}","templated":true}]}}