{"id":190,"date":"2013-02-28T09:40:51","date_gmt":"2013-02-28T09:40:51","guid":{"rendered":"http:\/\/www.archiviostoricodiocesibg.it\/blog\/?page_id=190"},"modified":"2024-03-28T17:59:29","modified_gmt":"2024-03-28T16:59:29","slug":"attivita","status":"publish","type":"page","link":"https:\/\/www.archiviostoricodiocesibg.it\/en\/attivita\/","title":{"rendered":"Attivit\u00e0"},"content":{"rendered":"<img loading=\"lazy\" decoding=\"async\" class=\"aligncenter size-full wp-image-1394\" alt=\"attiviti\" src=\"http:\/\/www.archiviostoricodiocesibg.it\/blog\/wp-content\/uploads\/2013\/02\/attiviti.png\" width=\"770\" height=\"370\" \/><\/p>\n<p style=\"text-align: justify\">The Diocesan Historical Archive focuses its activity in the following areas:<\/p>\n<ul style=\"text-align: justify\">\n<li>Study and preparation of inventories to facilitate access for the conservation of documentary findings.<\/li>\n<li>Daily opening hours for consultation by scholars, research fellows, students, etc., along with adequate security and advice services.<\/li>\n<li>Promotion and participation in research projects aimed at enhancing the study and knowledge of the history of the\u00a0Diocese of Bergamo<em id=\"__mceDel\">.<\/em><\/li>\n<li>Organization and coordination of cultural activities in connection with ecclesiastical archiving, especially\u00a0in parishes<em id=\"__mceDel\">.<\/em><\/li>\n<\/ul>\n<p style=\"text-align: justify\"><em id=\"__mceDel\">The reasons for this are a clear expression of the\u00a0commitment\u00a0of\u00a0the Pontifical Commission for the Cultural\u00a0Patrimony of the Church, underlined in a circular letter of 2nd February 1997: &#8221; \u201cNella mens della Chiesa gli archivi sono luoghi della memoria delle comunit\u00e0 cristiane e fattori di cultura per la nuova evangelizzazione. Sono dunque un bene culturale di primaria importanza, la cui peculiarit\u00e0 \u00e8 nel registrare il percorso fatto lungo i secoli dalla Chiesa nelle singole realt\u00e0 che la compongono (\u2026). Lo studio documentato e non pregiudizievole del proprio passato rende la Chiesa pi\u00f9 \u201cesperta in umanit\u00e0\u201d poich\u00e9 ne fa conoscere lo spessore storico e parimenti le permette di riconoscersi nella sua necessaria, pluriforme e continua opera di inculturazione e acculturazione. Tale indagine, che procede dalla ponderata raccolta di ci\u00f2 che \u00e8 documentabile giova al fine di prospettare <strong>un futuro fondato sui contributi della Tradizione dove la memoria \u00e8 anche profezia&#8230; &#8220;<\/strong><\/em><\/p>","protected":false},"excerpt":{"rendered":"<p>The Diocesan Historical Archive focuses its activity in the following areas: Study and preparation of inventories to facilitate access for the conservation of documentary findings. Daily opening hours for consultation by scholars, research fellows, students, etc., along with adequate security and advice services. Promotion and participation in research projects aimed at enhancing the study and [&hellip;]<\/p>\n","protected":false},"author":2,"featured_media":0,"parent":0,"menu_order":3,"comment_status":"open","ping_status":"open","template":"","meta":{"footnotes":""},"class_list":["post-190","page","type-page","status-publish","hentry"],"_links":{"self":[{"href":"https:\/\/www.archiviostoricodiocesibg.it\/en\/wp-json\/wp\/v2\/pages\/190","targetHints":{"allow":["GET"]}}],"collection":[{"href":"https:\/\/www.archiviostoricodiocesibg.it\/en\/wp-json\/wp\/v2\/pages"}],"about":[{"href":"https:\/\/www.archiviostoricodiocesibg.it\/en\/wp-json\/wp\/v2\/types\/page"}],"author":[{"embeddable":true,"href":"https:\/\/www.archiviostoricodiocesibg.it\/en\/wp-json\/wp\/v2\/users\/2"}],"replies":[{"embeddable":true,"href":"https:\/\/www.archiviostoricodiocesibg.it\/en\/wp-json\/wp\/v2\/comments?post=190"}],"version-history":[{"count":1,"href":"https:\/\/www.archiviostoricodiocesibg.it\/en\/wp-json\/wp\/v2\/pages\/190\/revisions"}],"predecessor-version":[{"id":6811,"href":"https:\/\/www.archiviostoricodiocesibg.it\/en\/wp-json\/wp\/v2\/pages\/190\/revisions\/6811"}],"wp:attachment":[{"href":"https:\/\/www.archiviostoricodiocesibg.it\/en\/wp-json\/wp\/v2\/media?parent=190"}],"curies":[{"name":"wp","href":"https:\/\/api.w.org\/{rel}","templated":true}]}}