{"id":761,"date":"2013-03-14T13:55:59","date_gmt":"2013-03-14T12:55:59","guid":{"rendered":"http:\/\/www.archiviostoricodiocesibg.it\/blog\/?page_id=761"},"modified":"2024-03-28T17:59:29","modified_gmt":"2024-03-28T16:59:29","slug":"tesi-chiara-brignoli","status":"publish","type":"page","link":"https:\/\/www.archiviostoricodiocesibg.it\/en\/studi\/tesi\/tesi-chiara-brignoli\/","title":{"rendered":"Tesi &#8211; Chiara Brignoli"},"content":{"rendered":"<img loading=\"lazy\" decoding=\"async\" class=\"aligncenter size-full wp-image-736\" alt=\"Tesi-Brignoli\" src=\"http:\/\/www.archiviostoricodiocesibg.it\/blog\/wp-content\/uploads\/2013\/03\/Tesi-Brignoli.png\" width=\"208\" height=\"308\" \/><\/p>\n<h3>La scoperta delle lettere. Scuole di Dottrina Cristiana e dei rudimenti nalla Diocesi di Bergamo tra Seicento e Settecento<\/h3>\n<p><strong>Autore<\/strong><\/p>\n<blockquote>\n<p style=\"text-align: justify\">Chiara Brignoli, nata a Seriate nel 1986, ha frequentato il liceo classico presso il Collegio Vescovile S. Alessandro. Dopo il diploma superiore si \u00e8 iscritta al corso di laurea triennale in Lettere presso l&#8217;Universit\u00e0 Cattolica del Sacro Cuore di Brescia, dove successivamente ha conseguito la laurea specialistica in Filologia Moderna nel febbraio 2011, presentando una tesi\u00a0 dal\u00a0 titolo &#8220;La scoperta delle lettere. Scuole di Dottrina Cristiana e dei rudimenti nella diocesi di Bergamo tra Seicento e Settecento.&#8221;<\/p>\n<\/blockquote>\n<p><strong>Abstract<\/strong><\/p>\n<blockquote>\n<p style=\"text-align: justify\">Diversi storici si sono occupati della storia della scuola europea e italiana in et\u00e0 moderna, ma la realt\u00e0 di alcune zone, fra le quali anche la diocesi di Bergamo, \u00e8 storiograficamente poco approfondita e conosciuta.<br \/>\nPer tale motivo con questo scritto l&#8217;autrice cerca di mostrare come si diffondono le scuole nel\u00a0 territorio bergamasco, delineando uno spaccato della realt\u00e0 locale relativamente alla catechesi e all&#8217;alfabetizzazione nei secoli XVII-XVIII e rapportando i dati trovati con la situazione politica, sociale e culturale del periodo.<br \/>\nDal testo si apprende come la Dottrina Cristiana \u00e8 \u00a0insegnata, con quali modalit\u00e0, strumenti e metodologie e si osserva come essa viene recepita dal popolo. Inoltre si ha una panoramica delle scuole di lettura e scrittura e si possono conoscere le differenze fra le scuole per i fanciulli e quelle per le fanciulle e i diversi insegnamenti impartiti.<br \/>\nI dati raccolti, che sono inseriti in un percorso cronologico, sono rapportati con altri studi inerenti l&#8217;alfabetizzazione e questo permette di cogliere i legami che intercorrono fra le istituzioni sorte sul territorio e i diversi livelli di alfabetismo. La situazione del territorio bergamasco \u00e8 poi confrontata con quella di altre aree europee e italiane, per ricavarne similitudini e differenze.<br \/>\nIl lavoro di ricerca \u00e8 stato condotto soprattutto attraverso gli Atti delle Visite Pastorali dei Vescovi Gregorio Barbarigo (1658-1662), Pietro Priuli (1710-1726) e Giampaolo Dolfin (1778-1780). I documenti analizzati sono risultati utili e ricchi di notizie, per comprendere l&#8217;aumento della scolarizzazione e per osservare se le strutture parrocchiali sono centri rilevanti di istruzione.<\/p>\n<\/blockquote>\n<p style=\"text-align: justify\"><div class='hr '><\/div>\n<p style=\"text-align: justify\"><a href=\"http:\/\/www.archiviostoricodiocesibg.it\/blog\/wp-content\/uploads\/2013\/03\/Brignoli-indice-e-introduzione1.pdf\">Scarica l&#8217;indice e l&#8217;introduzione<\/a><\/p>","protected":false},"excerpt":{"rendered":"<p>La scoperta delle lettere. Scuole di Dottrina Cristiana e dei rudimenti nalla Diocesi di Bergamo tra Seicento e Settecento Autore Chiara Brignoli, nata a Seriate nel 1986, ha frequentato il liceo classico presso il Collegio Vescovile S. Alessandro. Dopo il diploma superiore si \u00e8 iscritta al corso di laurea triennale in Lettere presso l&#8217;Universit\u00e0 Cattolica [&hellip;]<\/p>\n","protected":false},"author":2,"featured_media":0,"parent":233,"menu_order":5,"comment_status":"closed","ping_status":"closed","template":"","meta":{"footnotes":""},"class_list":["post-761","page","type-page","status-publish","hentry"],"_links":{"self":[{"href":"https:\/\/www.archiviostoricodiocesibg.it\/en\/wp-json\/wp\/v2\/pages\/761","targetHints":{"allow":["GET"]}}],"collection":[{"href":"https:\/\/www.archiviostoricodiocesibg.it\/en\/wp-json\/wp\/v2\/pages"}],"about":[{"href":"https:\/\/www.archiviostoricodiocesibg.it\/en\/wp-json\/wp\/v2\/types\/page"}],"author":[{"embeddable":true,"href":"https:\/\/www.archiviostoricodiocesibg.it\/en\/wp-json\/wp\/v2\/users\/2"}],"replies":[{"embeddable":true,"href":"https:\/\/www.archiviostoricodiocesibg.it\/en\/wp-json\/wp\/v2\/comments?post=761"}],"version-history":[{"count":1,"href":"https:\/\/www.archiviostoricodiocesibg.it\/en\/wp-json\/wp\/v2\/pages\/761\/revisions"}],"predecessor-version":[{"id":6830,"href":"https:\/\/www.archiviostoricodiocesibg.it\/en\/wp-json\/wp\/v2\/pages\/761\/revisions\/6830"}],"up":[{"embeddable":true,"href":"https:\/\/www.archiviostoricodiocesibg.it\/en\/wp-json\/wp\/v2\/pages\/233"}],"wp:attachment":[{"href":"https:\/\/www.archiviostoricodiocesibg.it\/en\/wp-json\/wp\/v2\/media?parent=761"}],"curies":[{"name":"wp","href":"https:\/\/api.w.org\/{rel}","templated":true}]}}